{"id":682,"date":"2022-02-20T07:07:33","date_gmt":"2022-02-20T07:07:33","guid":{"rendered":"https:\/\/startersites.io\/stagingthree\/?page_id=682"},"modified":"2025-12-03T11:52:20","modified_gmt":"2025-12-03T11:52:20","slug":"volunteer","status":"publish","type":"page","link":"https:\/\/vielekulturen-einestadt.de\/en\/volunteer\/","title":{"rendered":"Participate &amp; support"},"content":{"rendered":"<div class=\"wp-block-stackable-spacer stk-block-spacer stk--no-padding stk-block stk-6090630\" data-block-id=\"6090630\"><style>.stk-6090630 {height:130px !important;}@media screen and (max-width:999px){.stk-6090630 {height:80px !important;}}<\/style><\/div>\n\n\n\n<div class=\"wp-block-stackable-heading stk-block-heading stk-block-heading--v2 stk-block stk-41f6f5a\" id=\"mitglied-werden\" data-block-id=\"41f6f5a\"><style>.stk-41f6f5a {margin-bottom:16px !important;}.stk-41f6f5a .stk-block-heading__text{line-height:1.2em !important;}<\/style><h2 class=\"stk-block-heading__text has-text-align-center\">Become a member<\/h2><\/div>\n\n\n\n<div class=\"wp-block-stackable-text stk-block-text stk-block stk-8e78d5e\" data-block-id=\"8e78d5e\"><style>.stk-8e78d5e {margin-bottom:1px !important;}.stk-8e78d5e .stk-block-text__text{color:#0f0e17 !important;}<\/style><p class=\"stk-block-text__text has-text-color has-text-align-center\">We are always happy to welcome new members! <\/p><\/div>\n\n\n\n<div class=\"wp-block-stackable-text stk-block-text stk-block stk-c2ddf4c\" data-block-id=\"c2ddf4c\"><style>.stk-c2ddf4c {margin-bottom:1px !important;}.stk-c2ddf4c .stk-block-text__text{color:#0f0e17 !important;}<\/style><p class=\"stk-block-text__text has-text-color has-text-align-center\">Send us a message and come along to one of our meetings.<\/p><\/div>\n\n\n\n<div class=\"wp-block-stackable-text stk-block-text stk-block stk-4f29088\" data-block-id=\"4f29088\"><style>.stk-4f29088 {margin-bottom:1px !important;}.stk-4f29088 .stk-block-text__text{color:#0f0e17 !important;}<\/style><p class=\"stk-block-text__text has-text-color has-text-align-center\">Would you like to become a member right away?<\/p><\/div>\n\n\n\n<div class=\"wp-block-stackable-text stk-block-text stk-block stk-f554e05\" data-block-id=\"f554e05\"><style>.stk-f554e05 {margin-bottom:1px !important;}.stk-f554e05 .stk-block-text__text{color:#0f0e17 !important;}<\/style><p class=\"stk-block-text__text has-text-color has-text-align-center\">Fill out our digital membership application form:<\/p><\/div>\n\n\n\n<div class=\"wp-block-stackable-button-group stk-block-button-group stk-block stk-29215cf\" data-block-id=\"29215cf\"><style>.stk-29215cf {margin-bottom:107px !important;}<\/style><div class=\"stk-row stk-inner-blocks has-text-align-center stk-block-content stk-button-group\">\n<div class=\"wp-block-stackable-button stk-block-button has-text-align-center stk-block stk-18aa026\" data-block-id=\"18aa026\"><style>.stk-18aa026 {margin-top:var(--stk--preset--spacing--none, 0px) !important;margin-right:var(--stk--preset--spacing--none, 0px) !important;}.stk-18aa026 .stk-button{background:#bd7406 !important;}.stk-18aa026 .stk-button__inner-text{color:#fffffe !important;}<\/style><a class=\"stk-link stk-button stk--hover-effect-darken\" href=\"https:\/\/web.meinverein.de\/club\/90928\/member-request\"><span class=\"has-text-color stk-button__inner-text\">Membership application<\/span><\/a><\/div>\n<\/div><\/div>\n\n\n\n<div class=\"wp-block-stackable-divider stk-block-divider stk-block stk-0ac2c58\" data-block-id=\"0ac2c58\"><hr class=\"stk-block-divider__hr\"\/><\/div>\n\n\n\n<p><\/p>\n\n\n\n<div class=\"wp-block-stackable-heading stk-block-heading stk-block-heading--v2 stk-block stk-9acdfc3\" id=\"unterstutzen\" data-block-id=\"9acdfc3\"><style>.stk-9acdfc3 {margin-bottom:16px !important;}.stk-9acdfc3 .stk-block-heading__text{line-height:1.2em !important;}<\/style><h2 class=\"stk-block-heading__text has-text-align-center\">Support<\/h2><\/div>\n\n\n\n<div class=\"wp-block-stackable-text stk-block-text stk-block stk-ccef7ce\" data-block-id=\"ccef7ce\"><style>.stk-ccef7ce {margin-bottom:1px !important;}.stk-ccef7ce .stk-block-text__text{color:#0f0e17 !important;}<\/style><p class=\"stk-block-text__text has-text-color has-text-align-center\">As we are a completely voluntary organization, we are dependent on donations to implement our projects.             <\/p><\/div>\n\n\n\n<div class=\"wp-block-stackable-text stk-block-text stk-block stk-57cf7c0\" data-block-id=\"57cf7c0\"><style>.stk-57cf7c0 {margin-bottom:1px !important;}.stk-57cf7c0 .stk-block-text__text{color:#0f0e17 !important;}<\/style><p class=\"stk-block-text__text has-text-color has-text-align-center\"><strong>Your donation will help us a lot! <\/strong><\/p><\/div>\n\n\n\n<p><\/p>\n\n\n\n<div class=\"wp-block-stackable-text stk-block-text stk-block stk-c4fa86a\" data-block-id=\"c4fa86a\"><style>.stk-c4fa86a {margin-bottom:1px !important;}.stk-c4fa86a .stk-block-text__text{color:#0f0e17 !important;}<\/style><p class=\"stk-block-text__text has-text-color has-text-align-center\"><strong>IBAN:<\/strong>&nbsp;DE89 5465 1240 1000 5524 53 &nbsp;&nbsp;<strong>BIC:<\/strong>&nbsp;MALADE51DKH - Sparkasse Rhein-Haardt    <\/p><\/div>\n\n\n\n<p><\/p>\n\n\n\n<div class=\"wp-block-stackable-text stk-block-text stk-block stk-46fda7d\" data-block-id=\"46fda7d\"><style>.stk-46fda7d {margin-bottom:1px !important;}.stk-46fda7d .stk-block-text__text{color:#0f0e17 !important;}<\/style><p class=\"stk-block-text__text has-text-color has-text-align-center\">We will gladly provide you with a <strong>Certificate of donation.<\/strong> Please send us your details at info@vielekulturen-einestadt.de<\/p><\/div>\n\n\n\n<p><\/p>\n\n\n\n<p><\/p>","protected":false},"excerpt":{"rendered":"<p>Mitglied werden Wir freuen uns immer \u00fcber neue Mitglieder! Schreibe uns eine Nachricht und komm zum Schnuppern zu einem unserer Treffen Du m\u00f6chtest gleich Mitglied werden? F\u00fclle unseren digitalen Mitgliedsantrag aus: Mitgliedsantrag Unterst\u00fctzen Da wir ein komplett ehrenamtlich agierender Verein sind, sind wir auf Spenden zu Umsetzung unserer Projekte angewiesen. Mit deiner Spende hilfst du [&hellip;]<\/p>","protected":false},"author":1,"featured_media":964,"parent":0,"menu_order":0,"comment_status":"closed","ping_status":"closed","template":"","meta":{"footnotes":""},"class_list":["post-682","page","type-page","status-publish","has-post-thumbnail","hentry"],"blocksy_meta":{"styles_descriptor":{"styles":{"desktop":"","tablet":"","mobile":""},"google_fonts":[],"version":6}},"_links":{"self":[{"href":"https:\/\/vielekulturen-einestadt.de\/en\/wp-json\/wp\/v2\/pages\/682","targetHints":{"allow":["GET"]}}],"collection":[{"href":"https:\/\/vielekulturen-einestadt.de\/en\/wp-json\/wp\/v2\/pages"}],"about":[{"href":"https:\/\/vielekulturen-einestadt.de\/en\/wp-json\/wp\/v2\/types\/page"}],"author":[{"embeddable":true,"href":"https:\/\/vielekulturen-einestadt.de\/en\/wp-json\/wp\/v2\/users\/1"}],"replies":[{"embeddable":true,"href":"https:\/\/vielekulturen-einestadt.de\/en\/wp-json\/wp\/v2\/comments?post=682"}],"version-history":[{"count":8,"href":"https:\/\/vielekulturen-einestadt.de\/en\/wp-json\/wp\/v2\/pages\/682\/revisions"}],"predecessor-version":[{"id":1186,"href":"https:\/\/vielekulturen-einestadt.de\/en\/wp-json\/wp\/v2\/pages\/682\/revisions\/1186"}],"wp:featuredmedia":[{"embeddable":true,"href":"https:\/\/vielekulturen-einestadt.de\/en\/wp-json\/wp\/v2\/media\/964"}],"wp:attachment":[{"href":"https:\/\/vielekulturen-einestadt.de\/en\/wp-json\/wp\/v2\/media?parent=682"}],"curies":[{"name":"wp","href":"https:\/\/api.w.org\/{rel}","templated":true}]}}