{"id":593,"date":"2022-02-19T16:51:00","date_gmt":"2022-02-19T16:51:00","guid":{"rendered":"https:\/\/startersites.io\/stagingthree\/?page_id=593"},"modified":"2025-12-03T13:10:19","modified_gmt":"2025-12-03T13:10:19","slug":"ueberuns","status":"publish","type":"page","link":"https:\/\/vielekulturen-einestadt.de\/en\/ueberuns\/","title":{"rendered":"About us"},"content":{"rendered":"<div class=\"wp-block-stackable-columns alignfull stk-block-columns stk-block stk-47f3fe7 stk-block-background\" data-block-id=\"47f3fe7\"><style>.stk-47f3fe7 {background-color:#fbf6ed !important;padding-top:130px !important;padding-right:0px !important;padding-bottom:130px !important;padding-left:0px !important;margin-bottom:0px !important;}.stk-47f3fe7:before{background-color:#fbf6ed !important;}@media screen and (max-width:999px){.stk-47f3fe7 {padding-top:80px !important;padding-bottom:80px !important;}}@media screen and (max-width:689px){.stk-47f3fe7 {padding-top:70px !important;padding-bottom:70px !important;}}<\/style><div class=\"stk-row stk-inner-blocks has-text-align-center stk-block-content stk-content-align stk-47f3fe7-column\">\n<div class=\"wp-block-stackable-column stk-block-column stk-column stk-block stk-18d875a\" data-v=\"4\" data-block-id=\"18d875a\"><style>.stk-18d875a-container{margin-top:0px !important;margin-right:0px !important;margin-bottom:0px !important;margin-left:0px !important;}<\/style><div class=\"stk-column-wrapper stk-block-column__content stk-container stk-18d875a-container stk--no-background stk--no-padding\"><div class=\"stk-block-content stk-inner-blocks stk-18d875a-inner-blocks\">\n<div class=\"wp-block-stackable-text stk-block-text stk-block stk-37d0174\" data-block-id=\"37d0174\"><style>.stk-37d0174 {column-count:1 !important;column-gap:0px !important;max-width:750px !important;min-width:auto !important;margin-right:auto !important;margin-bottom:0px !important;margin-left:auto !important;}.stk-37d0174 .stk-block-text__text{font-size:var(--stk--preset--font-size--medium, 20px) !important;color:#0f0e17 !important;}@media screen and (max-width:999px){.stk-37d0174 .stk-block-text__text{font-size:var(--stk--preset--font-size--medium, 20px) !important;}}<\/style><p class=\"stk-block-text__text has-text-color has-text-align-center\">Our association \u201eViele Kulturen - Eine Stadt\u201c, which has been in existence for over 30 years and formerly operated under the name \u201eNeustadt gegen Fremdenhass\u201c, is committed to equal and respectful coexistence for all people. As a non-partisan and independent association, we see ourselves as a cooperation partner for intercultural groups, organizations and initiatives, particularly in the areas of anti-racism and anti-discrimination work and the promotion of democracy<br>We want to promote a society in which all people can live together freely and respectfully without prejudice. To this end, we offer space for encounters that overcome cultural boundaries and create a deeper understanding of one another.<br>We use publications, public events and lobbying to raise awareness of discrimination and promote a culture of recognition and appreciation. With the new name \u201eViele Kulturen - Eine Stadt\u201c, we want to send a strong signal for cohesion and diversity.<\/p><\/div>\n\n\n\n<div class=\"wp-block-stackable-spacer stk-block-spacer stk--no-padding stk-block stk-54e71a5\" data-block-id=\"54e71a5\"><style>.stk-54e71a5 {height:70px !important;}<\/style><\/div>\n<\/div><\/div><\/div>\n<\/div><\/div>\n\n\n\n<div class=\"wp-block-stackable-spacer stk-block-spacer stk--no-padding stk-block stk-6a8268d\" data-block-id=\"6a8268d\"><style>.stk-6a8268d {height:130px !important;}@media screen and (max-width:999px){.stk-6a8268d {height:80px !important;}}<\/style><\/div>\n\n\n\n<div class=\"wp-block-stackable-columns alignfull stk-block-columns stk-block stk-47369fb\" data-block-id=\"47369fb\"><style>.stk-47369fb .stk--block-align-47369fb{align-items:center !important;}.stk-47369fb {margin-bottom:0px !important;}.stk-47369fb-column{--stk-column-gap:50px !important;row-gap:50px !important;}<\/style><div class=\"stk-row stk-inner-blocks stk--block-align-47369fb stk-block-content stk-content-align stk-47369fb-column\">\n<div class=\"wp-block-stackable-column stk-block-column stk-column stk-block stk-1da631d\" data-v=\"4\" data-block-id=\"1da631d\"><style>.stk-1da631d-container{margin-top:0px !important;margin-right:0px !important;margin-bottom:0px !important;margin-left:0px !important;}<\/style><div class=\"stk-column-wrapper stk-block-column__content stk-container stk-1da631d-container stk--no-background stk--no-padding\"><div class=\"stk-block-content stk-inner-blocks stk-1da631d-inner-blocks\">\n<div class=\"wp-block-stackable-heading stk-block-heading stk-block-heading--v2 stk-block stk-ad9fe3a\" id=\"strong-im-mittelpunkt-unserer-arbeit-stehen-folgende-ziele-strong\" data-block-id=\"ad9fe3a\"><style>.stk-ad9fe3a {margin-bottom:35px !important;}.stk-ad9fe3a .stk-block-heading__text{font-size:40px !important;line-height:1.2em !important;}@media screen and (max-width:999px){.stk-ad9fe3a .stk-block-heading__text{font-size:30px !important;}}<\/style><h2 class=\"stk-block-heading__text has-text-align-center-mobile\"><strong>Our work focuses on the following goals:<\/strong><\/h2><\/div>\n\n\n\n<div class=\"wp-block-stackable-text stk-block-text stk-block stk-b6e9eb3\" data-block-id=\"b6e9eb3\"><p class=\"stk-block-text__text has-text-align-center-mobile\"><\/p><\/div>\n\n\n\n<ul class=\"wp-block-list\">\n<li>Building an open, supportive community in which diversity is seen as a strength                 <\/li>\n\n\n\n<li>The promotion of intercultural exchange and cultural diversity.<\/li>\n\n\n\n<li>Educational work to prevent discrimination and racism.<\/li>\n\n\n\n<li>Strengthening democratic values and participation.<\/li>\n<\/ul>\n\n\n\n<div class=\"wp-block-stackable-text stk-block-text stk-block stk-84cc78f\" data-block-id=\"84cc78f\"><p class=\"stk-block-text__text has-text-align-center-mobile\"><\/p><\/div>\n<\/div><\/div><\/div>\n<\/div><\/div>\n\n\n\n<div class=\"wp-block-stackable-spacer stk-block-spacer stk--no-padding stk-block stk-0c5a20f\" data-block-id=\"0c5a20f\"><style>.stk-0c5a20f {height:130px !important;}@media screen and (max-width:999px){.stk-0c5a20f {height:80px !important;}}<\/style><\/div>\n\n\n\n<div class=\"wp-block-stackable-columns alignfull stk-block-columns stk-block stk-80c3c8a ct-mobile-order\" data-block-id=\"80c3c8a\"><style>.stk-80c3c8a .stk--block-align-80c3c8a{align-items:center !important;}.stk-80c3c8a {margin-bottom:0px !important;}.stk-80c3c8a-column{--stk-column-gap:50px !important;row-gap:50px !important;}<\/style><div class=\"stk-row stk-inner-blocks stk--block-align-80c3c8a stk-block-content stk-content-align stk-80c3c8a-column\">\n<div class=\"wp-block-stackable-column stk-block-column stk-column stk-block stk-3a8c4eb\" data-v=\"4\" data-block-id=\"3a8c4eb\"><style>.stk-3a8c4eb-container{margin-top:0px !important;margin-right:0px !important;margin-bottom:0px !important;margin-left:0px !important;}<\/style><div class=\"stk-column-wrapper stk-block-column__content stk-container stk-3a8c4eb-container stk--no-background stk--no-padding\"><div class=\"stk-block-content stk-inner-blocks stk-3a8c4eb-inner-blocks\">\n<div class=\"wp-block-stackable-heading stk-block-heading stk-block-heading--v2 stk-block stk-03e6813\" id=\"strong-wir-setzen-unsere-ziele-um-durch-strong\" data-block-id=\"03e6813\"><style>.stk-03e6813 {margin-bottom:35px !important;}.stk-03e6813 .stk-block-heading__text{font-size:40px !important;line-height:1.2em !important;}@media screen and (max-width:999px){.stk-03e6813 .stk-block-heading__text{font-size:30px !important;}}<\/style><h2 class=\"stk-block-heading__text has-text-align-center-mobile\"><strong>We realize our goals through:<\/strong><\/h2><\/div>\n\n\n\n<div class=\"wp-block-stackable-text stk-block-text stk-block stk-80ed068\" data-block-id=\"80ed068\"><p class=\"stk-block-text__text has-text-align-center-mobile\"><\/p><\/div>\n\n\n\n<ul class=\"wp-block-list\">\n<li>Making discrimination visible and creating a culture of appreciation - through educational programs, public events, publications and targeted lobbying.<\/li>\n\n\n\n<li>Networking and cooperation with municipal actors in the field of anti-discrimination.<\/li>\n\n\n\n<li>Empowerment and support for people who experience discrimination.<\/li>\n<\/ul>\n<\/div><\/div><\/div>\n<\/div><\/div>\n\n\n\n<div class=\"wp-block-stackable-spacer stk-block-spacer stk--no-padding stk-block stk-551bfce\" data-block-id=\"551bfce\"><style>.stk-551bfce {height:130px !important;}@media screen and (max-width:999px){.stk-551bfce {height:80px !important;}}<\/style><\/div>","protected":false},"excerpt":{"rendered":"<p>Unser seit \u00fcber 30 Jahren bestehender Verein &#8222;Viele Kulturen &#8211; Eine Stadt&#8220; der vormals unter dem Namen &#8222;Neustadt gegen Fremdenhass&#8220; aufgetreten ist, setzt sich f\u00fcr ein gleichberechtigtes und respektvolles Zusammenleben aller Menschen ein. Als \u00fcberparteilicher und unabh\u00e4ngiger Verein verstehen wir uns als Kooperationspartner:innen f\u00fcr interkulturelle Gruppen, Organisationen und Initiativen insbesondere aus den Bereichen Antirassismus- und [&hellip;]<\/p>","protected":false},"author":1,"featured_media":964,"parent":0,"menu_order":0,"comment_status":"closed","ping_status":"closed","template":"","meta":{"footnotes":""},"class_list":["post-593","page","type-page","status-publish","has-post-thumbnail","hentry"],"blocksy_meta":{"styles_descriptor":{"styles":{"desktop":"","tablet":"","mobile":""},"google_fonts":[],"version":6}},"_links":{"self":[{"href":"https:\/\/vielekulturen-einestadt.de\/en\/wp-json\/wp\/v2\/pages\/593","targetHints":{"allow":["GET"]}}],"collection":[{"href":"https:\/\/vielekulturen-einestadt.de\/en\/wp-json\/wp\/v2\/pages"}],"about":[{"href":"https:\/\/vielekulturen-einestadt.de\/en\/wp-json\/wp\/v2\/types\/page"}],"author":[{"embeddable":true,"href":"https:\/\/vielekulturen-einestadt.de\/en\/wp-json\/wp\/v2\/users\/1"}],"replies":[{"embeddable":true,"href":"https:\/\/vielekulturen-einestadt.de\/en\/wp-json\/wp\/v2\/comments?post=593"}],"version-history":[{"count":9,"href":"https:\/\/vielekulturen-einestadt.de\/en\/wp-json\/wp\/v2\/pages\/593\/revisions"}],"predecessor-version":[{"id":1205,"href":"https:\/\/vielekulturen-einestadt.de\/en\/wp-json\/wp\/v2\/pages\/593\/revisions\/1205"}],"wp:featuredmedia":[{"embeddable":true,"href":"https:\/\/vielekulturen-einestadt.de\/en\/wp-json\/wp\/v2\/media\/964"}],"wp:attachment":[{"href":"https:\/\/vielekulturen-einestadt.de\/en\/wp-json\/wp\/v2\/media?parent=593"}],"curies":[{"name":"wp","href":"https:\/\/api.w.org\/{rel}","templated":true}]}}