{"id":1173,"date":"2025-12-03T11:20:24","date_gmt":"2025-12-03T11:20:24","guid":{"rendered":"https:\/\/vielekultureneinesta6591.live-website.com\/?page_id=1173"},"modified":"2025-12-03T11:20:24","modified_gmt":"2025-12-03T11:20:24","slug":"impressum","status":"publish","type":"page","link":"https:\/\/vielekulturen-einestadt.de\/en\/impressum\/","title":{"rendered":"Imprint"},"content":{"rendered":"<p><\/p>\n\n\n\n<h1 class=\"wp-block-heading\"><strong>Imprint<\/strong><\/h1>\n\n\n\n<p><strong>Viele Kulturen \u2013 Eine Stadt e.V.<\/strong><br>Hauptstra\u00dfe 54<br>67433 Neustadt<\/p>\n\n\n\n<p>E-Mail: <strong><a>info@vielekulturen-einestadt.de<\/a><\/strong><\/p>\n\n\n\n<hr class=\"wp-block-separator has-alpha-channel-opacity\"\/>\n\n\n\n<h2 class=\"wp-block-heading\"><strong>Vertretungsberechtigter Vorstand gem\u00e4\u00df \u00a7 26 BGB<\/strong><\/h2>\n\n\n\n<p>Der Verein wird vertreten durch den Vorstand:<\/p>\n\n\n\n<ul class=\"wp-block-list\">\n<li><strong>Aljoscha Kubetz<\/strong>, 1. Vorsitzender<\/li>\n\n\n\n<li><strong>Florian Mork<\/strong>, 2. Vorsitzender<\/li>\n\n\n\n<li><strong>Alica Kubetz<\/strong>, Schriftf\u00fchrerin<\/li>\n\n\n\n<li><strong>Herbert Rusche<\/strong>, Schatzmeister<\/li>\n<\/ul>\n\n\n\n<p>Alle genannten Vorstandsmitglieder sind <strong>einzeln vertretungsberechtigt<\/strong>.<\/p>\n\n\n\n<hr class=\"wp-block-separator has-alpha-channel-opacity\"\/>\n\n\n\n<h2 class=\"wp-block-heading\"><strong>Registereintrag<\/strong><\/h2>\n\n\n\n<p>Eingetragen im Vereinsregister unter der Nummer: <strong>VR 41200<\/strong><br>Registergericht: <strong>Amtsgericht Ludwigshafen<\/strong><\/p>\n\n\n\n<hr class=\"wp-block-separator has-alpha-channel-opacity\"\/>\n\n\n\n<h2 class=\"wp-block-heading\"><strong>Inhaltlich verantwortlich gem\u00e4\u00df \u00a7 18 Abs. 2 MStV<\/strong><\/h2>\n\n\n\n<p><strong>Viele Kulturen \u2013 Eine Stadt e.V.<\/strong><br>vertreten durch den Vorstand (siehe oben)<\/p>\n\n\n\n<p><\/p>\n\n\n\n<p><\/p>\n\n\n\n<p><\/p>\n\n\n\n<p><\/p>\n\n\n\n<p><\/p>\n\n\n\n<p><\/p>","protected":false},"excerpt":{"rendered":"<p>Impressum Viele Kulturen \u2013 Eine Stadt e.V.Hauptstra\u00dfe 5467433 Neustadt E-Mail: info@vielekulturen-einestadt.de Vertretungsberechtigter Vorstand gem\u00e4\u00df \u00a7 26 BGB Der Verein wird vertreten durch den Vorstand: Alle genannten Vorstandsmitglieder sind einzeln vertretungsberechtigt. Registereintrag Eingetragen im Vereinsregister unter der Nummer: VR 41200Registergericht: Amtsgericht Ludwigshafen Inhaltlich verantwortlich gem\u00e4\u00df \u00a7 18 Abs. 2 MStV Viele Kulturen \u2013 Eine Stadt e.V.vertreten [&hellip;]<\/p>","protected":false},"author":1,"featured_media":964,"parent":0,"menu_order":0,"comment_status":"closed","ping_status":"open","template":"","meta":{"footnotes":""},"class_list":["post-1173","page","type-page","status-publish","has-post-thumbnail","hentry"],"blocksy_meta":[],"_links":{"self":[{"href":"https:\/\/vielekulturen-einestadt.de\/en\/wp-json\/wp\/v2\/pages\/1173","targetHints":{"allow":["GET"]}}],"collection":[{"href":"https:\/\/vielekulturen-einestadt.de\/en\/wp-json\/wp\/v2\/pages"}],"about":[{"href":"https:\/\/vielekulturen-einestadt.de\/en\/wp-json\/wp\/v2\/types\/page"}],"author":[{"embeddable":true,"href":"https:\/\/vielekulturen-einestadt.de\/en\/wp-json\/wp\/v2\/users\/1"}],"replies":[{"embeddable":true,"href":"https:\/\/vielekulturen-einestadt.de\/en\/wp-json\/wp\/v2\/comments?post=1173"}],"version-history":[{"count":1,"href":"https:\/\/vielekulturen-einestadt.de\/en\/wp-json\/wp\/v2\/pages\/1173\/revisions"}],"predecessor-version":[{"id":1174,"href":"https:\/\/vielekulturen-einestadt.de\/en\/wp-json\/wp\/v2\/pages\/1173\/revisions\/1174"}],"wp:featuredmedia":[{"embeddable":true,"href":"https:\/\/vielekulturen-einestadt.de\/en\/wp-json\/wp\/v2\/media\/964"}],"wp:attachment":[{"href":"https:\/\/vielekulturen-einestadt.de\/en\/wp-json\/wp\/v2\/media?parent=1173"}],"curies":[{"name":"wp","href":"https:\/\/api.w.org\/{rel}","templated":true}]}}