{"id":1117,"date":"2025-11-30T20:45:08","date_gmt":"2025-11-30T20:45:08","guid":{"rendered":"https:\/\/vielekultureneinesta6591.live-website.com\/?page_id=1117"},"modified":"2025-12-03T12:08:04","modified_gmt":"2025-12-03T12:08:04","slug":"neustadtbleibtbunt","status":"publish","type":"page","link":"https:\/\/vielekulturen-einestadt.de\/en\/neustadtbleibtbunt\/","title":{"rendered":"Neustadt bleibt bunt"},"content":{"rendered":"<div class=\"wp-block-stackable-columns alignfull stk-block-columns stk-block stk-47369fb\" data-block-id=\"47369fb\"><style>.stk-47369fb .stk--block-align-47369fb{align-items:center !important;}.stk-47369fb {margin-bottom:0px !important;}.stk-47369fb-column{--stk-column-gap:50px !important;row-gap:50px !important;}<\/style><div class=\"stk-row stk-inner-blocks stk--block-align-47369fb stk-block-content stk-content-align stk-47369fb-column\">\n<div class=\"wp-block-stackable-column stk-block-column stk-column stk-block stk-1da631d\" data-v=\"4\" data-block-id=\"1da631d\"><style>.stk-1da631d-container{margin-top:0px !important;margin-right:0px !important;margin-bottom:0px !important;margin-left:0px !important;}<\/style><div class=\"stk-column-wrapper stk-block-column__content stk-container stk-1da631d-container stk--no-background stk--no-padding\"><div class=\"stk-block-content stk-inner-blocks stk-1da631d-inner-blocks\">\n<ul class=\"wp-block-list\">\n<li><\/li>\n<\/ul>\n<\/div><\/div><\/div>\n<\/div><\/div>\n\n\n\n<h2 class=\"wp-block-heading\">About the Neustadt bleibt bunt initiative<\/h2>\n\n\n\n<div class=\"wp-block-stackable-columns alignfull stk-block-columns stk-block stk-47f3fe7 stk-block-background\" data-block-id=\"47f3fe7\"><style>.stk-47f3fe7 {background-color:#fbf6ed !important;padding-top:130px !important;padding-right:0px !important;padding-bottom:130px !important;padding-left:0px !important;margin-bottom:0px !important;}.stk-47f3fe7:before{background-color:#fbf6ed !important;}@media screen and (max-width:999px){.stk-47f3fe7 {padding-top:80px !important;padding-bottom:80px !important;}}@media screen and (max-width:689px){.stk-47f3fe7 {padding-top:70px !important;padding-bottom:70px !important;}}<\/style><div class=\"stk-row stk-inner-blocks has-text-align-center stk-block-content stk-content-align stk-47f3fe7-column\">\n<div class=\"wp-block-stackable-column stk-block-column stk-column stk-block stk-18d875a\" data-v=\"4\" data-block-id=\"18d875a\"><style>.stk-18d875a-container{margin-top:0px !important;margin-right:0px !important;margin-bottom:0px !important;margin-left:0px !important;}<\/style><div class=\"stk-column-wrapper stk-block-column__content stk-container stk-18d875a-container stk--no-background stk--no-padding\"><div class=\"stk-block-content stk-inner-blocks stk-18d875a-inner-blocks\">\n<div class=\"wp-block-stackable-text stk-block-text stk-block stk-37d0174\" data-block-id=\"37d0174\"><style>.stk-37d0174 {column-count:1 !important;column-gap:0px !important;max-width:750px !important;min-width:auto !important;margin-right:auto !important;margin-bottom:0px !important;margin-left:auto !important;}.stk-37d0174 .stk-block-text__text{font-size:var(--stk--preset--font-size--medium, 20px) !important;color:#0f0e17 !important;}@media screen and (max-width:999px){.stk-37d0174 .stk-block-text__text{font-size:var(--stk--preset--font-size--medium, 20px) !important;}}<\/style><p class=\"stk-block-text__text has-text-color has-text-align-center\">The initiative <strong>\u201eNeustadt bleibt bunt\u201c<\/strong> is a non-partisan association of citizens and cultural and social associations from Neustadt and the surrounding area. It is committed to democracy, diversity and respectful social coexistence.                                                                                                               The background to its commitment is the increasing appropriation of Hambacher Schloss by groups that reject or relativize basic democratic values. Time and again, Querdenker, supporters of conspiracy myths, right-wing nationalist and extreme right-wing groups as well as Reichsb\u00fcrger use the historical symbol of the Hambach Fest of 1832 for anti-democratic stagings. These actors question democratic institutions, spread enemy stereotypes and contribute to a dangerous polarization of society. The initiative sees itself as a clear antithesis to such developments. \u201eNeustadt bleibt bunt\u201c wants to help preserve Hambacher Schloss as a place of democratic tradition and as a symbol of freedom and civil rights. At the same time, the aim is to show that a broad majority of the population is firmly committed to the values of a free and democratic society. The initiative welcomes all people, organizations and associations who share this attitude and would like to get involved in a colourful, democratic Neustadt.<\/p><\/div>\n\n\n\n<p><\/p>\n\n\n\n<div class=\"wp-block-stackable-spacer stk-block-spacer stk--no-padding stk-block stk-54e71a5\" data-block-id=\"54e71a5\"><style>.stk-54e71a5 {height:0px !important;}<\/style><\/div>\n<\/div><\/div><\/div>\n<\/div><\/div>\n\n\n\n<figure class=\"wp-block-image size-full\"><img loading=\"lazy\" decoding=\"async\" width=\"23740\" height=\"6024\" src=\"https:\/\/vielekultureneinesta6591.live-website.com\/wp-content\/uploads\/2025\/11\/banner-nw-bunt-100x400-mit-beschnitt-102x402cm-1.jpg\" alt=\"\" class=\"wp-image-1116\"\/><\/figure>\n\n\n\n<div class=\"wp-block-stackable-spacer stk-block-spacer stk--no-padding stk-block stk-551bfce\" data-block-id=\"551bfce\"><style>.stk-551bfce {height:130px !important;}@media screen and (max-width:999px){.stk-551bfce {height:80px !important;}}<\/style><\/div>","protected":false},"excerpt":{"rendered":"<p>\u00dcber die Initiative Neustadt bleibt bunt Die Initiative \u201eNeustadt bleibt bunt\u201c ist ein \u00fcberparteilicher Zusammenschluss von B\u00fcrger:innen sowie Kultur- und Gesellschaftsvereinen aus Neustadt und Umgebung. Sie setzt sich f\u00fcr Demokratie, Vielfalt und ein respektvolles gesellschaftliches Miteinander ein. Hintergrund ihres Engagements ist die zunehmende Vereinnahmung des Hambacher Schlosses durch Gruppen, die demokratische Grundwerte ablehnen oder relativieren. [&hellip;]<\/p>","protected":false},"author":1,"featured_media":964,"parent":0,"menu_order":0,"comment_status":"closed","ping_status":"closed","template":"","meta":{"footnotes":""},"class_list":["post-1117","page","type-page","status-publish","has-post-thumbnail","hentry"],"blocksy_meta":{"styles_descriptor":{"styles":{"desktop":"","tablet":"","mobile":""},"google_fonts":[],"version":6}},"_links":{"self":[{"href":"https:\/\/vielekulturen-einestadt.de\/en\/wp-json\/wp\/v2\/pages\/1117","targetHints":{"allow":["GET"]}}],"collection":[{"href":"https:\/\/vielekulturen-einestadt.de\/en\/wp-json\/wp\/v2\/pages"}],"about":[{"href":"https:\/\/vielekulturen-einestadt.de\/en\/wp-json\/wp\/v2\/types\/page"}],"author":[{"embeddable":true,"href":"https:\/\/vielekulturen-einestadt.de\/en\/wp-json\/wp\/v2\/users\/1"}],"replies":[{"embeddable":true,"href":"https:\/\/vielekulturen-einestadt.de\/en\/wp-json\/wp\/v2\/comments?post=1117"}],"version-history":[{"count":9,"href":"https:\/\/vielekulturen-einestadt.de\/en\/wp-json\/wp\/v2\/pages\/1117\/revisions"}],"predecessor-version":[{"id":1191,"href":"https:\/\/vielekulturen-einestadt.de\/en\/wp-json\/wp\/v2\/pages\/1117\/revisions\/1191"}],"wp:featuredmedia":[{"embeddable":true,"href":"https:\/\/vielekulturen-einestadt.de\/en\/wp-json\/wp\/v2\/media\/964"}],"wp:attachment":[{"href":"https:\/\/vielekulturen-einestadt.de\/en\/wp-json\/wp\/v2\/media?parent=1117"}],"curies":[{"name":"wp","href":"https:\/\/api.w.org\/{rel}","templated":true}]}}